{"id":12,"date":"2023-09-19T09:35:06","date_gmt":"2023-09-19T12:35:06","guid":{"rendered":"http:\/\/brazinga.com\/index.php\/colibri-wp\/"},"modified":"2023-09-19T09:52:54","modified_gmt":"2023-09-19T12:52:54","slug":"colibri-wp","status":"publish","type":"page","link":"https:\/\/brazinga.com\/","title":{"rendered":"Front Page"},"content":{"rendered":"<div data-colibri-id=\"12-c1\" class=\"style-193 style-local-12-c1 position-relative\">\n  <!---->\n  <div data-colibri-component=\"section\" data-colibri-id=\"12-c2\" id=\"about\" class=\"h-section h-section-global-spacing d-flex align-items-lg-center align-items-md-center align-items-center style-194 style-local-12-c2 position-relative\">\n    <!---->\n    <!---->\n    <div class=\"h-section-grid-container h-section-boxed-container\">\n      <!---->\n      <div data-colibri-id=\"12-c3\" class=\"h-row-container gutters-row-lg-2 gutters-row-md-2 gutters-row-2 gutters-row-v-lg-2 gutters-row-v-md-2 gutters-row-v-2 style-195 style-local-12-c3 position-relative\">\n        <!---->\n        <div class=\"h-row justify-content-lg-center justify-content-md-center justify-content-center align-items-lg-stretch align-items-md-stretch align-items-stretch gutters-col-lg-2 gutters-col-md-2 gutters-col-2 gutters-col-v-lg-2 gutters-col-v-md-2 gutters-col-v-2\">\n          <!---->\n          <div class=\"h-column h-column-container d-flex h-col-lg-auto h-col-md-auto h-col-auto style-196-outer style-local-12-c4-outer\">\n            <div data-colibri-id=\"12-c4\" class=\"d-flex h-flex-basis h-column__inner h-px-lg-2 h-px-md-2 h-px-2 v-inner-lg-2 v-inner-md-2 v-inner-2 style-196 style-local-12-c4 position-relative\">\n              <!---->\n              <!---->\n              <div class=\"w-100 h-y-container h-column__content h-column__v-align flex-basis-100 align-self-lg-center align-self-md-center align-self-center\">\n                <!---->\n                <div data-colibri-id=\"12-c5\" class=\"h-global-transition-all h-heading style-197 style-local-12-c5 position-relative h-element\">\n                  <!---->\n                  <div class=\"h-heading__outer style-197 style-local-12-c5\">\n                    <!---->\n                    <!---->\n                    <h5 class=\"\">CRIA\u00c7\u00c3O DE ROB\u00d4S PARA TRADES.<\/h5>\n                  <\/div>\n                <\/div>\n                <div data-colibri-id=\"12-c6\" class=\"h-global-transition-all h-heading style-198 style-local-12-c6 position-relative h-element\">\n                  <!---->\n                  <div class=\"h-heading__outer style-198 style-local-12-c6\">\n                    <!---->\n                    <!---->\n                    <h2 class=\"\">O melhor&nbsp;<em style=\"font-family: &quot;Playfair Display&quot;; color: rgb(3, 169, 244);\">design<\/em> combinado com&nbsp;<em style=\"font-family: &quot;Playfair Display&quot;; color: rgb(3, 169, 244);\">functionamento<\/em> na hora\n                      certa de suas entradas!<\/h2>\n                  <\/div>\n                <\/div>\n                <div data-colibri-id=\"12-c7\" class=\"h-lead h-text h-text-component style-199 style-local-12-c7 position-relative h-element\">\n                  <!---->\n                  <!---->\n                  <div class=\"\">\n                    <p>Operar o mercado financeiro n\u00e3o precisa ser um bicho de sete cabe\u00e7as. Com a Brazinga.com seus ativos digitais est\u00e3o sempre monitorados por sua estrat\u00e9gia.<\/p>\n                  <\/div>\n                <\/div>\n                <div data-colibri-id=\"12-c8\" class=\"h-x-container style-200 style-local-12-c8 position-relative h-element\">\n                  <!---->\n                  <div class=\"h-x-container-inner style-dynamic-12-c8-group style-200-spacing style-local-12-c8-spacing\"><span class=\"h-button__outer style-201-outer style-local-12-c9-outer d-inline-flex h-element\"><a h-use-smooth-scroll=\"true\" href=\"\"  data-colibri-id=\"12-c9\" class=\"d-flex w-100 align-items-center h-button justify-content-lg-center justify-content-md-center justify-content-center style-201 style-local-12-c9 position-relative\"><!----><!----> <span>INICIE AGORA MESMO!<\/span><\/a>\n                    <\/span>\n                  <\/div>\n                <\/div>\n              <\/div>\n            <\/div>\n          <\/div>\n          <div class=\"h-column h-column-container d-flex h-col-lg-auto h-col-md-auto h-col-auto style-202-outer style-local-12-c10-outer\">\n            <div data-colibri-id=\"12-c10\" class=\"d-flex h-flex-basis h-column__inner h-px-lg-2 h-px-md-2 h-px-2 v-inner-lg-2 v-inner-md-2 v-inner-2 style-202 style-local-12-c10 position-relative\">\n              <!---->\n              <!---->\n              <div class=\"w-100 h-y-container h-column__content h-column__v-align flex-basis-100 align-self-lg-center align-self-md-center align-self-center\">\n                <!---->\n                <div data-colibri-id=\"12-c11\" class=\"d-block style-203 style-local-12-c11 position-relative h-element\">\n                  <!---->\n                  <div class=\"h-image__frame-container-outer\">\n                    <div class=\"h-image__frame-container\">\n                      <!---->\n                      <!---->\n                      <img loading=\"lazy\" decoding=\"async\" width=\"768\" height=\"768\" src=\"http:\/\/brazinga.com\/wp-content\/uploads\/2023\/09\/cropped-fundo-forex.jpg\" class=\"wp-image-117 style-203-image style-local-12-c11-image\" alt=\"\" srcset=\"https:\/\/brazinga.com\/wp-content\/uploads\/2023\/09\/cropped-fundo-forex.jpg 768w, https:\/\/brazinga.com\/wp-content\/uploads\/2023\/09\/cropped-fundo-forex-300x300.jpg 300w, https:\/\/brazinga.com\/wp-content\/uploads\/2023\/09\/cropped-fundo-forex-150x150.jpg 150w\" sizes=\"auto, (max-width: 768px) 100vw, 768px\" \/>\n                      <div class=\"h-image__frame h-hide-sm style-203-frameImage style-local-12-c11-frameImage\"><\/div>\n                    <\/div>\n                  <\/div>\n                <\/div>\n              <\/div>\n            <\/div>\n          <\/div>\n        <\/div>\n      <\/div>\n    <\/div>\n  <\/div>\n<\/div>","protected":false},"excerpt":{"rendered":"<p>CRIA\u00c7\u00c3O DE ROB\u00d4S PARA TRADES. O melhor&nbsp;design combinado com&nbsp;functionamento na hora certa de suas entradas! Operar o mercado financeiro n\u00e3o precisa ser um bicho de sete cabe\u00e7as. Com a Brazinga.com seus ativos digitais est\u00e3o sempre monitorados por sua estrat\u00e9gia. INICIE AGORA MESMO!<\/p>\n","protected":false},"author":2,"featured_media":0,"parent":0,"menu_order":0,"comment_status":"closed","ping_status":"closed","template":"page-templates\/homepage.php","meta":{"footnotes":""},"class_list":["post-12","page","type-page","status-publish","hentry"],"_links":{"self":[{"href":"https:\/\/brazinga.com\/index.php\/wp-json\/wp\/v2\/pages\/12","targetHints":{"allow":["GET"]}}],"collection":[{"href":"https:\/\/brazinga.com\/index.php\/wp-json\/wp\/v2\/pages"}],"about":[{"href":"https:\/\/brazinga.com\/index.php\/wp-json\/wp\/v2\/types\/page"}],"author":[{"embeddable":true,"href":"https:\/\/brazinga.com\/index.php\/wp-json\/wp\/v2\/users\/2"}],"replies":[{"embeddable":true,"href":"https:\/\/brazinga.com\/index.php\/wp-json\/wp\/v2\/comments?post=12"}],"version-history":[{"count":5,"href":"https:\/\/brazinga.com\/index.php\/wp-json\/wp\/v2\/pages\/12\/revisions"}],"predecessor-version":[{"id":120,"href":"https:\/\/brazinga.com\/index.php\/wp-json\/wp\/v2\/pages\/12\/revisions\/120"}],"wp:attachment":[{"href":"https:\/\/brazinga.com\/index.php\/wp-json\/wp\/v2\/media?parent=12"}],"curies":[{"name":"wp","href":"https:\/\/api.w.org\/{rel}","templated":true}]}}